
{"id":16,"date":"2012-01-10T19:51:03","date_gmt":"2012-01-10T19:51:03","guid":{"rendered":"http:\/\/benecko.knihovna.info\/?page_id=16"},"modified":"2013-11-08T12:55:32","modified_gmt":"2013-11-08T12:55:32","slug":"knihovni-rad","status":"publish","type":"page","link":"https:\/\/benecko.knihovna.info\/?page_id=16","title":{"rendered":"Knihovn\u00ed \u0159\u00e1d"},"content":{"rendered":"<h1 align=\"center\"><strong>KNIHOVN\u00cd\u00a0 \u0158\u00c1D<\/strong><\/h1>\n<div>\n<h1 align=\"center\"><strong>Obecn\u00ed knihovny BENECKO<\/strong><\/h1>\n<\/div>\n<p>V\u00a0souladu s \u00a7 4, odst. 6 z\u00e1kona \u010d. 257\/2001 Sb. ( knihovn\u00ed z\u00e1kon ) vyd\u00e1v\u00e1me tento<\/p>\n<p>Knihovn\u00ed \u0159\u00e1d:<\/p>\n<h1><strong><em>\u00a0I. Z\u00e1kladn\u00ed ustanoven\u00ed<\/em><\/strong><\/h1>\n<h1 style=\"text-align: center;\">\u00a0\u010cl. 1<\/h1>\n<h2 style=\"text-align: center;\"><strong>Posl\u00e1n\u00ed a \u010dinnost knihovny<\/strong><\/h2>\n<p>Obecn\u00ed knihovna na Benecku (d\u00e1le jen \u201eknihovna\u201c) je knihovnou z\u00e1kladn\u00ed ve smyslu \u00a7 3 a 12 z\u00e1kona \u010d. 257\/2001 Sb. (knihovn\u00ed z\u00e1kon) a je z\u0159\u00edzena za \u00fa\u010delem poskytovat rovn\u00fdm zp\u016fsobem v\u0161em ob\u010dan\u016fm bez rozd\u00edlu ve\u0159ejn\u00e9 knihovnick\u00e9 a informa\u010dn\u00ed slu\u017eby (d\u00e1le jen slu\u017eby) vymezen\u00e9 v \u00a7 2, 4 a 14 knihovn\u00edho z\u00e1kona.<\/p>\n<h1 style=\"text-align: center;\" align=\"center\"><strong>\u010cl. 2<\/strong><\/h1>\n<h2 style=\"text-align: center;\" align=\"center\"><strong>Ve\u0159ejn\u00e9 knihovnick\u00e9 a informa\u010dn\u00ed slu\u017eby<\/strong><\/h2>\n<p style=\"text-align: center;\" align=\"center\">1. Knihovna poskytuje u\u017eivatel\u016fm ve\u0159ejn\u00e9 knihovnick\u00e9 a informa\u010dn\u00ed slu\u017eby tak, jak jsou vymezeny v\u00a0p\u0159\u00edslu\u0161n\u00fdch ustanoven\u00edch knihovn\u00edho z\u00e1kona. Jsou to zejm\u00e9na:<\/p>\n<p style=\"padding-left: 60px;\">a)\u00a0\u00a0\u00a0\u00a0\u00a0 v\u00fdp\u016fj\u010dn\u00ed slu\u017eby<br \/>\nb)\u00a0\u00a0\u00a0\u00a0\u00a0 meziknihovn\u00ed slu\u017eby<br \/>\nc)\u00a0\u00a0\u00a0\u00a0\u00a0 informa\u010dn\u00ed slu\u017eby<br \/>\nd)\u00a0\u00a0\u00a0\u00a0 p\u0159\u00edstup na internet<\/p>\n<p>2. Slu\u017eby uveden\u00e9 v\u00a0odst. 1, a) a\u017e c)\u00a0 tohoto Knihovn\u00edho \u0159\u00e1du (d\u00e1le K\u0158) poskytuje\u00a0\u00a0 knihovna bezplatn\u011b. Za registraci \u010dten\u00e1\u0159\u016f a p\u0159\u00edstup na internet \u00fa\u010dtuje knihovna poplatek (viz p\u0159\u00edloha).<\/p>\n<p>3. Ve\u0161ker\u00e9 finan\u010dn\u00ed \u010d\u00e1stky (nap\u0159. sank\u010dn\u00ed poplatky apod.) jsou knihovnou \u00fa\u010dtov\u00e1ny ve v\u00fd\u0161i stanoven\u00e9 Cen\u00edkem, kter\u00fd je p\u0159\u00edlohou tohoto K\u0158. P\u0159\u00edpadn\u00e9 placen\u00e9 slu\u017eby se \u00fa\u010dtuj\u00ed pouze do v\u00fd\u0161e skute\u010dn\u011b vynalo\u017een\u00fdch n\u00e1klad\u016f.<\/p>\n<h1><strong><em> II.\u00a0 U\u017eivatel\u00e9 knihovnick\u00fdch a informa\u010dn\u00edch slu\u017eeb<\/em><\/strong><\/h1>\n<h2 style=\"text-align: center;\">\u010cl. 3<\/h2>\n<h2 style=\"text-align: center;\">Registrace u\u017eivatele<\/h2>\n<ol>\n<li>\u00a0U\u017eivatelem knihovny se m\u016f\u017ee st\u00e1t ka\u017ed\u00e1 fyzick\u00e1 nebo pr\u00e1vnick\u00e1 osoba vyd\u00e1n\u00edm pr\u016fkazu u\u017eivatele na z\u00e1klad\u011b vypln\u011bn\u00e9 p\u0159ihl\u00e1\u0161ky ov\u011b\u0159en\u00e9 knihovn\u00edkem podle osobn\u00edch doklad\u016f u\u017eivatele.<\/li>\n<li>Knihovna vy\u017eaduje k\u00a0registraci n\u00e1sleduj\u00edc\u00ed osobn\u00ed \u00fadaje: jm\u00e9no, p\u0159\u00edjmen\u00ed a bydli\u0161t\u011b. Zm\u011bnu t\u011bchto \u00fadaj\u016f je \u010dten\u00e1\u0159 povinen knihovn\u011b neprodlen\u011b ozn\u00e1mit. Osobn\u00ed \u00fadaje u\u017eivatel\u016f bude knihovna zpracov\u00e1vat podle z\u00e1kona \u010d. 101\/2000 Sb., o ochran\u011b osobn\u00edch \u00fadaj\u016f.<\/li>\n<li>D\u011bti do 15 let se stanou u\u017eivatelem na z\u00e1klad\u011b p\u00edsemn\u00e9ho souhlasu z\u00e1konn\u00e9ho z\u00e1stupce.<\/li>\n<\/ol>\n<h2 style=\"text-align: center;\">\u010cl. 4<\/h2>\n<h2 style=\"text-align: center;\" align=\"center\"><strong>Z\u00e1kladn\u00ed povinnosti a pr\u00e1va u\u017eivatel\u016f knihovny<\/strong><\/h2>\n<ol>\n<li>\u00a0U\u017eivatel\u00e9 jsou povinni \u0159\u00eddit se K\u0158 a dodr\u017eovat pokyny knihovn\u00edka. Mus\u00ed se podrobit stanoven\u00fdm opat\u0159en\u00edm, kter\u00e1 jsou pot\u0159ebn\u00e1 pro udr\u017een\u00ed po\u0159\u00e1dku a ochranu majetku. Jsou povinni zachov\u00e1vat v\u00a0prostor\u00e1ch knihovny klid a po\u0159\u00e1dek.<\/li>\n<li>Jestli\u017ee u\u017eivatel nedodr\u017euje tato ustanoven\u00ed, m\u016f\u017ee b\u00fdt do\u010dasn\u011b nebo trvale zbaven pr\u00e1va pou\u017e\u00edvat slu\u017eeb knihovny. T\u00edm nen\u00ed zbaven odpov\u011bdnosti za zp\u016fsobenou \u0161kodu a povinnosti nahradit ji podle platn\u00fdch p\u0159edpis\u016f.<\/li>\n<li>P\u0159ipom\u00ednky, podn\u011bty a n\u00e1vrhy k\u00a0pr\u00e1ci knihovny je mo\u017en\u00e9 pod\u00e1vat\u00a0 \u00fastn\u011b knihovn\u00edkovi.<\/li>\n<\/ol>\n<h2 style=\"text-align: center;\" align=\"center\">\u00a0<strong>\u010cl. 5<\/strong><\/h2>\n<h2 style=\"text-align: center;\" align=\"center\"><strong>Pokyny pro vyu\u017e\u00edv\u00e1n\u00ed v\u00fdpo\u010detn\u00ed techniky<\/strong><\/h2>\n<ol>\n<li><strong>\u00a0<\/strong>U\u017eivatel je povinen pou\u017e\u00edvat pouze programov\u00e9 vybaven\u00ed, kter\u00e9 mu knihovna poskytuje.<\/li>\n<li>U\u017eivateli je zak\u00e1z\u00e1no restartovat po\u010d\u00edta\u010d, m\u011bnit nastaven\u00ed, kop\u00edrovat a distribuovat \u010d\u00e1sti opera\u010dn\u00edho syst\u00e9mu knihovny a nainstalovan\u00fdch aplikac\u00ed a program\u016f v\u00a0knihovn\u011b.<\/li>\n<li>Se souhlasem knihovn\u00edka m\u016f\u017ee u\u017eivatel kop\u00edrovat na form\u00e1tovan\u00e9 diskety informace z\u00edskan\u00e9 z\u00a0internetov\u00fdch b\u00e1z\u00ed dat.<\/li>\n<li>U\u017eivatel je pln\u011b odpov\u011bdn\u00fd za \u0161kody, kter\u00e9 by knihovn\u011b vznikly jeho neodbornou manipulac\u00ed s\u00a0v\u00fdpo\u010detn\u00ed technikou a programov\u00fdm vybaven\u00edm v\u010detn\u011b \u0161kod zp\u016fsoben\u00fdch j\u00edm zanesen\u00fdmi po\u010d\u00edta\u010dov\u00fdmi viry.<\/li>\n<li>Z\u00edskan\u00e9 informace a data slou\u017e\u00ed v\u00fdhradn\u011b k\u00a0osobn\u00ed pot\u0159eb\u011b u\u017eivatele a k\u00a0jeho studijn\u00edm \u00fa\u010del\u016fm. Nen\u00ed povoleno je jak\u00fdmkoliv zp\u016fsobem d\u00e1le roz\u0161i\u0159ovat, p\u016fj\u010dovat, sd\u00edlet, distribuovat (ani v\u00a0po\u010d\u00edta\u010dov\u00e9 s\u00edti), prod\u00e1vat nebo jinak vyu\u017e\u00edvat zejm\u00e9na ke komer\u010dn\u00edm \u00fa\u010del\u016fm.<\/li>\n<li>U\u017eivatel je povinen respektovat autorskopr\u00e1vn\u00ed ochranu dat v\u00a0souladu se z\u00e1konem \u010d. 121\/2000 Sb., autorsk\u00fd z\u00e1kon.<\/li>\n<\/ol>\n<h1>\u00a0\u00a0<em><strong>III.\u00a0 V\u00fdp\u016fj\u010dn\u00ed \u0159\u00e1d<\/strong><\/em><strong><br \/>\n<\/strong><\/h1>\n<h2 style=\"text-align: center;\" align=\"center\"><strong>\u010cl. 6<\/strong><\/h2>\n<h2 style=\"text-align: center;\" align=\"center\"><strong>Zp\u0159\u00edstup\u0148ovan\u00e9 knihovn\u00ed dokumenty<\/strong><\/h2>\n<ol>\n<li>\u00a0Knihovna p\u016fj\u010duje knihovn\u00ed dokumenty (d\u00e1le jen dokumenty) z\u00a0vlastn\u00edho knihovn\u00edho fondu, z\u00a0knihovn\u00edho fondu jin\u00e9 knihovny prost\u0159ednictv\u00edm meziknihovn\u00edch slu\u017eeb nebo prost\u0159ednictv\u00edm v\u00fdm\u011bnn\u00fdch soubor\u016f.<\/li>\n<li>Meziknihovn\u00ed slu\u017ebu zprost\u0159edkuje knihovna na po\u017e\u00e1d\u00e1n\u00ed u\u017eivatele podle \u00a7 14 KZ, vyhl\u00e1\u0161ky Ministerstva kultury \u010d. 88\/2002 Sb. a metodick\u00fdch pokyn\u016f N\u00e1rodn\u00ed knihovny \u010cR.<\/li>\n<\/ol>\n<h2 style=\"text-align: center;\" align=\"center\">\u00a0<strong>\u010cl. 7<\/strong><\/h2>\n<h2 style=\"text-align: center;\" align=\"center\"><strong>Rozhodnut\u00ed o p\u016fj\u010dov\u00e1n\u00ed<\/strong><\/h2>\n<p>Mimo knihovnu si m\u016f\u017ee u\u017eivatel p\u016fj\u010dit v\u0161echny dokumenty uveden\u00e9 v\u00a0\u010dl.5 odst. 1 tohoto K\u0158 s\u00a0v\u00fdjimkou dokument\u016f:<\/p>\n<p>a)\u00a0\u00a0\u00a0\u00a0\u00a0 kter\u00fdm by hrozilo nebezpe\u010d\u00ed nenahraditeln\u00e9 ztr\u00e1ty nebo po\u0161kozen\u00ed,<br \/>\nb)\u00a0\u00a0\u00a0\u00a0\u00a0 kter\u00e9 je pot\u0159eba k\u00a0b\u011b\u017en\u00e9mu provozu knihovny,<br \/>\nc)\u00a0\u00a0\u00a0\u00a0\u00a0 jejich\u017e p\u016fj\u010dov\u00e1n\u00ed by bylo v\u00a0rozporu s\u00a0obecn\u00fdmi pr\u00e1vn\u00edmi p\u0159edpisy (poru\u0161en\u00ed\u00a0 autorsk\u00fdch pr\u00e1v, \u0161\u00ed\u0159en\u00ed fa\u0161istick\u00e9, rasistick\u00e9, pornografick\u00e9 literatury apod.),<br \/>\nd)\u00a0\u00a0\u00a0\u00a0 kter\u00e9 byly vyp\u016fj\u010deny z\u00a0jin\u00fdch knihoven prost\u0159ednictv\u00edm meziknihovn\u00ed v\u00fdp\u016fj\u010dn\u00ed slu\u017eby s\u00a0podm\u00ednkou v\u00fdp\u016fj\u010dky pouze v\u00a0prostor\u00e1ch knihovny.<\/p>\n<p>&nbsp;<\/p>\n<h2 style=\"text-align: center;\">\u010cl. 8<\/h2>\n<h2 style=\"text-align: center;\"><strong>Postupy p\u0159i p\u016fj\u010dov\u00e1n\u00ed<\/strong><\/h2>\n<ol>\n<li>\u00a0P\u0159ed p\u0159evzet\u00edm v\u00fdp\u016fj\u010dky si m\u00e1 u\u017eivatel dokument prohl\u00e9dnout, ihned ohl\u00e1sit v\u0161echny z\u00e1vady.<\/li>\n<li>U\u017eivatel sv\u00fdm podpisem potvrd\u00ed v\u00fdp\u016fj\u010dku dokument\u016f z\u00edskan\u00fdch prost\u0159ednictv\u00edm meziknihovn\u00ed v\u00fdp\u016fj\u010dn\u00ed slu\u017eby.<\/li>\n<li>U\u017eivatel m\u016f\u017ee po\u017e\u00e1dat \u00fastn\u011b o rezervaci dokumentu.<\/li>\n<\/ol>\n<h2 style=\"text-align: center;\" align=\"center\">\u00a0<strong>\u010cl. 9<\/strong><\/h2>\n<h2 style=\"text-align: center;\" align=\"center\"><strong>V\u00fdp\u016fj\u010dn\u00ed lh\u016fty<\/strong><\/h2>\n<ol>\n<li>\u00a0V\u00fdp\u016fj\u010dn\u00ed lh\u016fta pro p\u016fj\u010dov\u00e1n\u00ed knih mimo knihovnu je 1 m\u011bs\u00edc. V\u00fdp\u016fj\u010dn\u00ed lh\u016fta pro p\u016fj\u010dov\u00e1n\u00ed \u010dasopis\u016f mimo knihovnu je 2 t\u00fddny. V\u00fdp\u016fj\u010dn\u00ed lh\u016fta m\u016f\u017ee b\u00fdt na \u017e\u00e1dost \u010dten\u00e1\u0159e prodlou\u017eena, po\u017e\u00e1d\u00e1-li o to u\u017eivatel p\u0159ed\u00a0 jej\u00edm uplynut\u00edm a ne\u017e\u00e1d\u00e1-li dokument dal\u0161\u00ed u\u017eivatel.<\/li>\n<li>Knihovna je opr\u00e1vn\u011bna bez ud\u00e1n\u00ed d\u016fvod\u016f stanovit krat\u0161\u00ed v\u00fdp\u016fj\u010dn\u00ed lh\u016ftu, p\u0159\u00edpadn\u011b \u017e\u00e1dat vr\u00e1cen\u00ed p\u016fj\u010den\u00e9ho dokumentu p\u0159ed uplynut\u00edm v\u00fdp\u016fj\u010dn\u00ed lh\u016fty.<\/li>\n<\/ol>\n<p>&nbsp;<\/p>\n<h2 style=\"text-align: center;\">\u010cl. 10<\/h2>\n<h2 style=\"text-align: center;\" align=\"center\"><strong>Vracen\u00ed vyp\u016fj\u010den\u00e9ho dokumentu<\/strong><\/h2>\n<ol>\n<li>\u00a0U\u017eivatel je povinen vr\u00e1tit vyp\u016fj\u010den\u00fd dokument v\u00a0takov\u00e9m stavu, v\u00a0jak\u00e9m si jej vyp\u016fj\u010dil. Jinak nese odpov\u011bdnost za v\u0161echny zji\u0161t\u011bn\u00e9 z\u00e1vady a je povinen uhradit knihovn\u011b n\u00e1klady na opravu dokumentu, pop\u0159\u00edpad\u011b uhradit \u0161kodu jako p\u0159i ztr\u00e1t\u011b dokumentu.<\/li>\n<li>Je zak\u00e1z\u00e1no zpracov\u00e1vat text vyp\u016fj\u010den\u00e9ho dokumentu graficky podtrh\u00e1v\u00e1n\u00edm, zv\u00fdraz\u0148ov\u00e1n\u00edm, psan\u00edm pozn\u00e1mek na okraj anebo jin\u00fdm zp\u016fsobem do vyp\u016fj\u010den\u00e9ho dokumentu zasahovat.<\/li>\n<\/ol>\n<h2 style=\"text-align: center;\">\u010cl. 11<\/h2>\n<h2 style=\"text-align: center;\" align=\"center\"><strong>Pr\u00e1va a povinnosti u\u017eivatel\u016f pro p\u016fj\u010dov\u00e1n\u00ed mimo knihovnu<\/strong><\/h2>\n<ol>\n<li>\u00a0 Pro p\u016fj\u010dov\u00e1n\u00ed knihovn\u00edch fond\u016f plat\u00ed ustanoven\u00ed ob\u010dansk\u00e9ho z\u00e1kon\u00edku o p\u016fj\u010dov\u00e1n\u00ed v\u011bc\u00ed.<\/li>\n<li>U\u017eivatel nesm\u00ed vyp\u016fj\u010den\u00fd dokument p\u016fj\u010dovat dal\u0161\u00edm osob\u00e1m. Ru\u010d\u00ed za n\u011bj po celou dobu v\u00fdp\u016fj\u010dky.<\/li>\n<li>U\u017eivatel ru\u010d\u00ed za vyp\u016fj\u010den\u00fd dokument do t\u00e9 doby, dokud m\u00e1 knihovna o v\u00fdp\u016fj\u010dce z\u00e1znam.<\/li>\n<li>Jestli\u017ee u\u017eivatel ani po upomenut\u00ed p\u016fj\u010den\u00fd dokument nevr\u00e1t\u00ed, bude se vr\u00e1cen\u00ed vym\u00e1hat pr\u00e1vn\u00ed cestou.<\/li>\n<li>Do vypo\u0159\u00e1d\u00e1n\u00ed pohled\u00e1vek m\u00e1 knihovna pr\u00e1vo pozastavit u\u017eivateli poskytov\u00e1n\u00ed v\u0161ech slu\u017eeb.<\/li>\n<\/ol>\n<h1 align=\"left\">\u00a0\u00a0\u00a0<em><strong> IV. Postihy nedodr\u017een\u00ed ustanoven\u00ed Knihovn\u00edho \u0159\u00e1du<\/strong><\/em><\/h1>\n<h2 style=\"text-align: center;\"><strong>\u010cl. 12<\/strong><\/h2>\n<h2 style=\"text-align: center;\" align=\"center\"><strong>Ztr\u00e1ty a n\u00e1hrady<\/strong><\/h2>\n<ol>\n<li>U\u017eivatel je povinen bezodkladn\u011b hl\u00e1sit ztr\u00e1tu nebo po\u0161kozen\u00ed dokumentu a ve lh\u016ft\u011b stanoven\u00e9 knihovnou nahradit \u0161kodu<\/li>\n<li>.O zp\u016fsobu n\u00e1hrady dokumentu rozhoduje knihovna. M\u016f\u017ee po\u017eadovat n\u00e1hradu \u0161kody uveden\u00edm do p\u016fvodn\u00edho stavu obstar\u00e1n\u00edm n\u00e1hradn\u00edho v\u00fdtisku t\u00e9ho\u017e dokumentu ve stejn\u00e9m vyd\u00e1n\u00ed a vazb\u011b nebo v\u00e1zan\u00e9 kopie ztracen\u00e9ho dokumentu. Jestli\u017ee uveden\u00ed do p\u016fvodn\u00edho stavu nen\u00ed mo\u017en\u00e9 nebo \u00fa\u010deln\u00e9, m\u016f\u017ee knihovna po\u017eadovat jako n\u00e1hradu tot\u00e9\u017e d\u00edlo v\u00a0jin\u00e9m vyd\u00e1n\u00ed, anebo finan\u010dn\u00ed n\u00e1hradu. Finan\u010dn\u00ed n\u00e1hradu stanovuje knihovna.<\/li>\n<li>U\u017eivatel je povinen hradit i v\u0161echny n\u00e1klady, kter\u00e9 knihovn\u011b v\u00a0souvislosti se ztr\u00e1tou vznikly.<\/li>\n<li>Do vy\u0159e\u0161en\u00ed zp\u016fsobu nahrazen\u00ed ztr\u00e1ty a uhrazen\u00ed v\u0161ech pohled\u00e1vek m\u00e1 knihovna pr\u00e1vo pozastavit u\u017eivateli poskytov\u00e1n\u00ed v\u0161ech slu\u017eeb.<\/li>\n<\/ol>\n<p>&nbsp;<\/p>\n<h2>\u00a0\u00a0\u00a0\u00a0\u00a0\u00a0\u00a0\u00a0\u00a0\u00a0\u00a0\u00a0\u00a0\u00a0\u00a0\u00a0\u00a0\u00a0\u00a0\u00a0\u00a0\u00a0\u00a0\u00a0\u00a0\u00a0\u00a0\u00a0\u00a0\u00a0\u00a0\u00a0\u00a0\u00a0\u00a0\u00a0\u00a0\u00a0\u00a0\u00a0\u00a0\u00a0\u00a0\u00a0\u00a0\u00a0\u00a0\u00a0\u00a0\u00a0\u00a0\u00a0\u00a0\u00a0\u00a0\u00a0\u00a0\u00a0\u00a0\u00a0\u00a0\u00a0\u00a0\u00a0\u00a0 \u010cl. 13<\/h2>\n<h2 style=\"text-align: center;\">Poplatky za p\u0159estupky proti Knihovn\u00edmu \u0159\u00e1du<\/h2>\n<p>Vym\u00e1h\u00e1n\u00ed nevr\u00e1cen\u00fdch v\u00fdp\u016fj\u010dek:<\/p>\n<p>knihovna vym\u00e1h\u00e1 upom\u00ednkami vr\u00e1cen\u00ed dokument\u016f. Po t\u0159ech bezv\u00fdsledn\u00fdch upom\u00ednk\u00e1ch (z nich\u017e posledn\u00ed je doporu\u010den\u00fd dopis obecn\u00edho \u00fa\u0159adu) n\u00e1sleduje vym\u00e1h\u00e1n\u00ed pr\u00e1vn\u00ed cestou.<\/p>\n<p>&nbsp;<\/p>\n<h2 style=\"text-align: center;\">\u010cl. 14<\/h2>\n<h2 style=\"text-align: center;\" align=\"center\"><strong>N\u00e1hrada v\u0161eobecn\u00fdch \u0161kod<\/strong><\/h2>\n<ol>\n<li>U\u017eivatel je povinen nahradit \u0161kodu zavin\u011bnou p\u0159\u00edmo nebo zanedb\u00e1n\u00edm povinnost\u00ed (podle ob\u010dansk\u00e9ho z\u00e1kon\u00edku, \u00a7 442, odst. 2, kde se stanov\u00ed: \u201e\u0160koda se hrad\u00ed v\u00a0pen\u011bz\u00edch, po\u017e\u00e1d\u00e1-li v\u0161ak o to po\u0161kozen\u00fd a jeli to mo\u017en\u00e9 a \u00fa\u010deln\u00e9, hrad\u00ed se \u0161koda uveden\u00edm do p\u0159ede\u0161l\u00e9ho stavu\u201c).<\/li>\n<li>Za \u0161kody zp\u016fsoben\u00e9 na ostatn\u00edm majetku knihovny odpov\u00edd\u00e1 u\u017eivatel podle obecn\u011b platn\u00fdch p\u0159edpis\u016f.<\/li>\n<\/ol>\n<p>&nbsp;<\/p>\n<h2 style=\"text-align: center;\">Z\u00e1v\u011bre\u010dn\u00e1 ustanoven\u00ed<\/h2>\n<ol>\n<li>V\u00fdjimky z\u00a0Knihovn\u00edho \u0159\u00e1du povoluje vedouc\u00ed knihovny.<\/li>\n<li>Ned\u00edlnou sou\u010d\u00e1st\u00ed Knihovn\u00edho \u0159\u00e1du je p\u0159\u00edloha.<\/li>\n<li>Ru\u0161\u00ed se p\u0159edchoz\u00ed Knihovn\u00ed \u0159\u00e1d.<\/li>\n<li>Tento Knihovn\u00ed \u0159\u00e1d plat\u00ed na dobu neur\u010ditou.<\/li>\n<\/ol>\n<p>&nbsp;<\/p>\n<p>&nbsp;<\/p>\n","protected":false},"excerpt":{"rendered":"<p>KNIHOVN\u00cd\u00a0 \u0158\u00c1D Obecn\u00ed knihovny BENECKO V\u00a0souladu s \u00a7 4, odst. 6 z\u00e1kona \u010d. 257\/2001 Sb. ( knihovn\u00ed z\u00e1kon ) vyd\u00e1v\u00e1me tento Knihovn\u00ed \u0159\u00e1d: \u00a0I. Z\u00e1kladn\u00ed ustanoven\u00ed \u00a0\u010cl. 1 Posl\u00e1n\u00ed a \u010dinnost knihovny Obecn\u00ed knihovna na Benecku (d\u00e1le jen \u201eknihovna\u201c) je knihovnou z\u00e1kladn\u00ed ve smyslu \u00a7 3 a 12 z\u00e1kona \u010d. 257\/2001 Sb. (knihovn\u00ed z\u00e1kon) a [&hellip;]<\/p>\n","protected":false},"author":1,"featured_media":0,"parent":0,"menu_order":0,"comment_status":"closed","ping_status":"closed","template":"","meta":{"footnotes":""},"class_list":["post-16","page","type-page","status-publish","hentry"],"_links":{"self":[{"href":"https:\/\/benecko.knihovna.info\/index.php?rest_route=\/wp\/v2\/pages\/16","targetHints":{"allow":["GET"]}}],"collection":[{"href":"https:\/\/benecko.knihovna.info\/index.php?rest_route=\/wp\/v2\/pages"}],"about":[{"href":"https:\/\/benecko.knihovna.info\/index.php?rest_route=\/wp\/v2\/types\/page"}],"author":[{"embeddable":true,"href":"https:\/\/benecko.knihovna.info\/index.php?rest_route=\/wp\/v2\/users\/1"}],"replies":[{"embeddable":true,"href":"https:\/\/benecko.knihovna.info\/index.php?rest_route=%2Fwp%2Fv2%2Fcomments&post=16"}],"version-history":[{"count":6,"href":"https:\/\/benecko.knihovna.info\/index.php?rest_route=\/wp\/v2\/pages\/16\/revisions"}],"predecessor-version":[{"id":18,"href":"https:\/\/benecko.knihovna.info\/index.php?rest_route=\/wp\/v2\/pages\/16\/revisions\/18"}],"wp:attachment":[{"href":"https:\/\/benecko.knihovna.info\/index.php?rest_route=%2Fwp%2Fv2%2Fmedia&parent=16"}],"curies":[{"name":"wp","href":"https:\/\/api.w.org\/{rel}","templated":true}]}}