
{"id":82,"date":"2013-11-08T06:36:04","date_gmt":"2013-11-08T06:36:04","guid":{"rendered":"http:\/\/benecko.knihovna.info\/?page_id=82"},"modified":"2013-11-08T12:57:16","modified_gmt":"2013-11-08T12:57:16","slug":"sluzby","status":"publish","type":"page","link":"https:\/\/benecko.knihovna.info\/?page_id=82","title":{"rendered":"Slu\u017eby"},"content":{"rendered":"<p>P\u016fj\u010dov\u00e1n\u00ed knih\u00a0\u00a0 beletrie i nau\u010dn\u00e9 literatury z vlastn\u00edho fondu knihovny i z v\u00fdm\u011bnn\u00fdch soubor\u016f z M\u011bstsk\u00e9 knihovny Semily.<\/p>\n<p>Bezplatn\u00fd p\u0159\u00edstup k internetu.<\/p>\n<p>P\u016fj\u010dov\u00e1n\u00ed knih pomoc\u00ed Meziknihovn\u00ed v\u00fdp\u016fj\u010dn\u00ed slu\u017eby.<\/p>\n<p>Rezervace knih.<\/p>\n","protected":false},"excerpt":{"rendered":"<p>P\u016fj\u010dov\u00e1n\u00ed knih\u00a0\u00a0 beletrie i nau\u010dn\u00e9 literatury z vlastn\u00edho fondu knihovny i z v\u00fdm\u011bnn\u00fdch soubor\u016f z M\u011bstsk\u00e9 knihovny Semily. Bezplatn\u00fd p\u0159\u00edstup k internetu. P\u016fj\u010dov\u00e1n\u00ed knih pomoc\u00ed Meziknihovn\u00ed v\u00fdp\u016fj\u010dn\u00ed slu\u017eby. Rezervace knih.<\/p>\n","protected":false},"author":1,"featured_media":0,"parent":0,"menu_order":0,"comment_status":"open","ping_status":"open","template":"","meta":{"footnotes":""},"class_list":["post-82","page","type-page","status-publish","hentry"],"_links":{"self":[{"href":"https:\/\/benecko.knihovna.info\/index.php?rest_route=\/wp\/v2\/pages\/82","targetHints":{"allow":["GET"]}}],"collection":[{"href":"https:\/\/benecko.knihovna.info\/index.php?rest_route=\/wp\/v2\/pages"}],"about":[{"href":"https:\/\/benecko.knihovna.info\/index.php?rest_route=\/wp\/v2\/types\/page"}],"author":[{"embeddable":true,"href":"https:\/\/benecko.knihovna.info\/index.php?rest_route=\/wp\/v2\/users\/1"}],"replies":[{"embeddable":true,"href":"https:\/\/benecko.knihovna.info\/index.php?rest_route=%2Fwp%2Fv2%2Fcomments&post=82"}],"version-history":[{"count":5,"href":"https:\/\/benecko.knihovna.info\/index.php?rest_route=\/wp\/v2\/pages\/82\/revisions"}],"predecessor-version":[{"id":85,"href":"https:\/\/benecko.knihovna.info\/index.php?rest_route=\/wp\/v2\/pages\/82\/revisions\/85"}],"wp:attachment":[{"href":"https:\/\/benecko.knihovna.info\/index.php?rest_route=%2Fwp%2Fv2%2Fmedia&parent=82"}],"curies":[{"name":"wp","href":"https:\/\/api.w.org\/{rel}","templated":true}]}}